{"id":15,"date":"2024-11-18T12:25:30","date_gmt":"2024-11-18T12:25:30","guid":{"rendered":"https:\/\/angry-swartz.107-152-32-141.plesk.page\/?page_id=15"},"modified":"2025-01-16T11:26:56","modified_gmt":"2025-01-16T11:26:56","slug":"aviso-legal","status":"publish","type":"page","link":"https:\/\/www.exojo.es\/fr\/aviso-legal\/","title":{"rendered":"Avis Juridique"},"content":{"rendered":"\t\t<div data-elementor-type=\"wp-page\" data-elementor-id=\"15\" class=\"elementor elementor-15\" data-elementor-post-type=\"page\">\n\t\t\t\t<div class=\"elementor-element elementor-element-04ef229 e-flex e-con-boxed e-con e-parent\" data-id=\"04ef229\" data-element_type=\"container\">\n\t\t\t\t\t<div class=\"e-con-inner\">\n\t\t\t\t<div class=\"elementor-element elementor-element-13b2037 elementor-widget elementor-widget-theme-post-title elementor-page-title elementor-widget-heading\" data-id=\"13b2037\" data-element_type=\"widget\" data-widget_type=\"theme-post-title.default\">\n\t\t\t\t<div class=\"elementor-widget-container\">\n\t\t\t\t\t<h1 class=\"elementor-heading-title elementor-size-default\">Avis Juridique<\/h1>\t\t\t\t<\/div>\n\t\t\t\t<\/div>\n\t\t\t\t<div class=\"elementor-element elementor-element-9ef2701 elementor-widget elementor-widget-text-editor\" data-id=\"9ef2701\" data-element_type=\"widget\" data-widget_type=\"text-editor.default\">\n\t\t\t\t<div class=\"elementor-widget-container\">\n\t\t\t\t\t\t\t\t\t<p><span data-contrast=\"auto\">Afin de se conformer aux dispositions de la loi 34\/2002 du 11 juillet 2002 sur la soci\u00e9t\u00e9 de l&#8217;information et les services de commerce \u00e9lectronique (LSSICE), les donn\u00e9es g\u00e9n\u00e9rales d&#8217;information du site Web https:\/\/www.exojo.es<\/span> <b> <\/b><span data-contrast=\"auto\">(ci-apr\u00e8s d\u00e9nomm\u00e9 le site Web)<\/span> <span data-contrast=\"auto\">sont pr\u00e9sent\u00e9es<\/span> <span data-contrast=\"auto\">ci-dessous.<\/span> <span data-ccp-props=\"{&quot;134233117&quot;:false,&quot;134233118&quot;:false,&quot;201341983&quot;:0,&quot;335551550&quot;:6,&quot;335551620&quot;:6,&quot;335559685&quot;:0,&quot;335559737&quot;:0,&quot;335559738&quot;:0,&quot;335559739&quot;:160,&quot;335559740&quot;:279}\">\u00a0<\/span><\/p><p><span data-contrast=\"auto\">ENTIT\u00c9 : EXOJO, S.L.<\/span> <b> <\/b><span data-contrast=\"auto\">(\u00e0 l&#8217;avant, la MEMPRESA)<\/span> <span data-ccp-props=\"{&quot;335551550&quot;:6,&quot;335551620&quot;:6}\">\u00a0<\/span><\/p><p><span data-contrast=\"auto\">Nom commercial :<\/span> <span data-teams=\"true\">EXOJO<\/span> <br \/><span data-contrast=\"auto\">Accueil :<\/span> Pol. Ind. El Salvador II Flacon D, 8 .02630 La Roda (Albacete) <br \/><span data-contrast=\"auto\">CAF: B02211860<\/span> <br \/><span data-contrast=\"auto\">Adresse \u00e9lectronique :<\/span> <span data-ccp-props=\"{&quot;335551550&quot;:6,&quot;335551620&quot;:6}\">sales.exojo.es<b><br \/><\/b><\/span><\/p><p><span data-contrast=\"auto\">UTILISATION DU SITE WEB<\/span> <span data-ccp-props=\"{&quot;335551550&quot;:6,&quot;335551620&quot;:6}\">\u00a0<\/span><\/p><p><span data-contrast=\"auto\">Le site web de l&#8217;initiative \u00abEMPRESA \u00bb pr\u00e9sente un caract\u00e8re purement informatif. Les \u0153uvres et autres expressions officielles contenues dans le site Web, telles que les rapports, les opinions, les avertissements ou les clarifications, sont pr\u00e9sent\u00e9es par l'\u00bb EMRESA \u00ab, \u00e0 titre indicatif et de recherche, sans, en tout \u00e9tat de cause et sauf indication contraire, elles peuvent \u00eatre consid\u00e9r\u00e9es comme des avis juridiques ou une r\u00e9solution sur des probl\u00e8mes sp\u00e9cifiques qui pourraient se poser \u00e0 l'\u00bb int\u00e9r\u00eat \u00ab.<\/span> <span data-ccp-props=\"{&quot;335551550&quot;:6,&quot;335551620&quot;:6}\">\u00a0<\/span><\/p><p><span data-contrast=\"auto\">L&#8217;utilisateur s&#8217;engage \u00e0 utiliser correctement le contenu que l&#8217;EMPRESA offre par l&#8217;interm\u00e9diaire de son site Web et \u00e0 ne pas les utiliser pour se livrer \u00e0 des activit\u00e9s ill\u00e9gales, ill\u00e9gales ou contraires \u00e0 la bonne foi et \u00e0 l&#8217;ordre public; \u00e0 diffuser le contenu ou la propagande d&#8217;un caract\u00e8re raciste, x\u00e9nophobe, pornographique-juridique, de plaidoyer en faveur du terrorisme ou de la violation des droits de l&#8217;homme; de porter atteinte aux syst\u00e8mes physiques et logiques de l&#8217;EMFFRESA, de ses fournisseurs ou tiers.d&#8217;autres syst\u00e8mes physiques ou logiques susceptibles de causer les dommages susmentionn\u00e9s; tenter d&#8217;acc\u00e9der et, le cas \u00e9ch\u00e9ant, d&#8217;utiliser les comptes de messagerie d&#8217;autres utilisateurs et de modifier ou manipuler leurs messages.<\/span> <span data-ccp-props=\"{&quot;335551550&quot;:6,&quot;335551620&quot;:6}\">\u00a0<\/span><\/p><p><span data-contrast=\"auto\">La REMDH se r\u00e9serve le droit d&#8217;apporter, sans pr\u00e9avis, toute modification qu&#8217;elle juge appropri\u00e9e sur son site web, en pouvant modifier, supprimer ou ajouter, \u00e0 la fois le contenu et les services fournis par son interm\u00e9diaire, ainsi que la mani\u00e8re dont ils apparaissent pr\u00e9sent\u00e9s ou situ\u00e9s.<\/span> <span data-ccp-props=\"{&quot;335551550&quot;:6,&quot;335551620&quot;:6}\">\u00a0<\/span><\/p><p><b><span data-contrast=\"auto\">Confidentialit\u00e9<\/span><\/b> <span data-contrast=\"auto\">\u00a0<\/span><span data-ccp-props=\"{&quot;335551550&quot;:6,&quot;335551620&quot;:6}\">\u00a0<\/span><\/p><p><span data-contrast=\"auto\">Les informations que l&#8217;EMFFRESA collecte aupr\u00e8s des utilisateurs de ce site web sont utilis\u00e9es exclusivement pour fournir aux parties int\u00e9ress\u00e9es qui en font la demande des informations et\/ou r\u00e9pondre \u00e0 autant de questions que l&#8217;utilisateur juge appropri\u00e9 en ce qui concerne les produits et services que nous offrons.<\/span> <span data-ccp-props=\"{&quot;335551550&quot;:6,&quot;335551620&quot;:6}\">\u00a0<\/span><\/p><p><b><span data-contrast=\"auto\">Liens avec les tiers<\/span><\/b> <span data-ccp-props=\"{&quot;335551550&quot;:6,&quot;335551620&quot;:6}\">\u00a0<\/span><\/p><p><span data-contrast=\"auto\">Dans le cas de liens vers des sites tiers, l&#8217;utilisateur sera r\u00e9gi par les conditions d&#8217;utilisation et la politique de confidentialit\u00e9 du nouveau site, acceptant que le \u00abEMPRESA\u00bb ne soit pas responsable ou l\u00e9galement tenu de l&#8217;utilisation de ces sites.<\/span> <span data-ccp-props=\"{&quot;335551550&quot;:6,&quot;335551620&quot;:6}\">\u00a0<\/span><\/p><p><b><span data-contrast=\"auto\">Modifications des conditions g\u00e9n\u00e9rales d&#8217;utilisation et de la politique de confidentialit\u00e9<\/span><\/b> <span data-ccp-props=\"{&quot;335551550&quot;:6,&quot;335551620&quot;:6}\">\u00a0<\/span><\/p><p><span data-contrast=\"auto\">L&#8217;EMFFING se r\u00e9serve le droit de modifier ses conditions g\u00e9n\u00e9rales d&#8217;utilisation et sa politique de protection de la vie priv\u00e9e lorsqu&#8217;elle le jugera appropri\u00e9e. L&#8217;utilisateur s&#8217;engage \u00e0 examiner le contenu des conditions g\u00e9n\u00e9rales d&#8217;utilisation, car elles peuvent \u00eatre modifi\u00e9es sans pr\u00e9avis. Il inclut et accepte \u00e9galement chaque clause contenue dans le pr\u00e9sent document. Il est de la seule responsabilit\u00e9 de l&#8217;utilisateur de revoir les termes ci-dessus.<\/span> <span data-ccp-props=\"{&quot;335551550&quot;:6,&quot;335551620&quot;:6}\">\u00a0<\/span><\/p><p><b><span data-contrast=\"auto\">Informations sur le traitement des donn\u00e9es \u00e0 caract\u00e8re personnel des clients<\/span><\/b> <span data-ccp-props=\"{&quot;335551550&quot;:6,&quot;335551620&quot;:6}\">\u00a0<\/span><\/p><p><span data-contrast=\"auto\">En ce qui concerne le traitement des donn\u00e9es \u00e0 caract\u00e8re personnel de nos clients, les obligations impos\u00e9es par le r\u00e8glement (UE) 2016\/679 du Parlement europ\u00e9en et du Conseil du 27 avril 2016 relatif \u00e0 la protection des personnes physiques \u00e0 l&#8217;\u00e9gard du traitement des donn\u00e9es \u00e0 caract\u00e8re personnel et de leur libre circulation (ci-apr\u00e8s d\u00e9nomm\u00e9e le RGPD); la loi organique 3\/2018, du 5 d\u00e9cembre, relative \u00e0 la protection des donn\u00e9es \u00e0 caract\u00e8re personnel et \u00e0 la garantie des droits num\u00e9riques (ci-apr\u00e8s LOPDGDD), sont respect\u00e9es \u00e0 tout moment, et toute autre r\u00e9glementation qui les compl\u00e8te.<\/span> <span data-ccp-props=\"{&quot;335551550&quot;:6,&quot;335551620&quot;:6}\">\u00a0<\/span><\/p><p><span data-contrast=\"auto\">Sur la base de ce qui pr\u00e9c\u00e8de, nous vous fournissons les informations suivantes concernant le traitement de vos donn\u00e9es \u00e0 caract\u00e8re personnel.<\/span> <span data-ccp-props=\"{&quot;335551550&quot;:6,&quot;335551620&quot;:6}\">\u00a0<\/span><\/p><p><b><span data-contrast=\"auto\">Responsable<\/span><\/b> <span data-ccp-props=\"{&quot;335551550&quot;:6,&quot;335551620&quot;:6}\">\u00a0<\/span><\/p><p><span data-contrast=\"auto\">Informations relatives \u00e0 la protection des donn\u00e9es fournies par l&#8217;EMRESA en tant que responsable du traitement des donn\u00e9es:<\/span> <span data-ccp-props=\"{&quot;335551550&quot;:6,&quot;335551620&quot;:6}\">\u00a0<\/span><\/p><p><br \/><span data-contrast=\"auto\">Accueil :<\/span> Pol. Ind. El Salvador II Flacon D, 8 .02630 La Roda (Albacete) <br \/><span data-contrast=\"auto\">CAF: B02211860<\/span> <br \/><span data-contrast=\"auto\">Adresse \u00e9lectronique :<\/span> <span data-ccp-props=\"{&quot;335551550&quot;:6,&quot;335551620&quot;:6}\">sales.exojo.es<b><\/b><\/span><\/p><p>\u00a0<\/p><p><b><span data-contrast=\"auto\">Objet<\/span><\/b> <span data-ccp-props=\"{&quot;134233117&quot;:false,&quot;134233118&quot;:false,&quot;201341983&quot;:0,&quot;335551550&quot;:6,&quot;335551620&quot;:6,&quot;335559685&quot;:0,&quot;335559737&quot;:0,&quot;335559738&quot;:0,&quot;335559739&quot;:160,&quot;335559740&quot;:279}\">\u00a0<\/span><\/p><p><span data-contrast=\"auto\">L&#8217;objectif principal du traitement de vos donn\u00e9es \u00e0 caract\u00e8re personnel dans l&#8217;EMRESA est la fourniture de services de marketing en ligne. Ils sont conserv\u00e9s pour traitement dans nos syst\u00e8mes, pour autant qu&#8217;il existe une relation contractuelle \u00e9tablie, ou pour des raisons imp\u00e9rieuses l\u00e9gitimes, ou l&#8217;exercice ou la d\u00e9fense de cr\u00e9ances potentielles. Une fois les temps de stockage l\u00e9gaux dans nos syst\u00e8mes termin\u00e9s, vos donn\u00e9es peuvent \u00eatre supprim\u00e9es ou, si elles ne sont pas rendues anonymes.<\/span> <span data-ccp-props=\"{&quot;335551550&quot;:6,&quot;335551620&quot;:6}\">\u00a0<\/span><\/p><p><span data-contrast=\"auto\">En outre, vos donn\u00e9es peuvent \u00eatre trait\u00e9es pour l&#8217;envoi d&#8217;informations commerciales, sur nos produits, offres et nouveaut\u00e9s, sur la base des consentements que vous avez donn\u00e9s dans la documentation fournie par le \u00abEMPRESA\u00bb.<\/span> <span data-ccp-props=\"{&quot;335551550&quot;:6,&quot;335551620&quot;:6}\">\u00a0<\/span><\/p><p><b><span data-contrast=\"auto\">L\u00e9gitimation<\/span><\/b> <span data-ccp-props=\"{&quot;335551550&quot;:6,&quot;335551620&quot;:6}\">\u00a0<\/span><\/p><p><span data-contrast=\"auto\">Le traitement de vos donn\u00e9es est l\u00e9gitim\u00e9 sur la base de la formalisation de la relation entreprise-client pour la fourniture de services de marketing num\u00e9rique, pour lesquels vous devez nous fournir votre nom, et votre courrier \u00e9lectronique, en tant que donn\u00e9es de base sans lesquelles le service ne pourrait pas \u00eatre fourni efficacement.<\/span> <span data-ccp-props=\"{&quot;335551550&quot;:6,&quot;335551620&quot;:6}\">\u00a0<\/span><\/p><p><span data-contrast=\"auto\">Il reconna\u00eet \u00e9galement qu&#8217;il a \u00e9t\u00e9 inform\u00e9 que son refus de fournir les donn\u00e9es n\u00e9cessaires \u00e0 des fins d&#8217;identification et de facturation peut signifier que les services contractuels ne peuvent pas \u00eatre fournis.<\/span> <span data-ccp-props=\"{&quot;335551550&quot;:6,&quot;335551620&quot;:6}\">\u00a0<\/span><\/p><p><b><span data-contrast=\"auto\">B\u00e9n\u00e9ficiaires<\/span><\/b> <span data-ccp-props=\"{&quot;335551550&quot;:6,&quot;335551620&quot;:6}\">\u00a0<\/span><\/p><p><span data-contrast=\"auto\">Les donn\u00e9es ne sont pas transf\u00e9r\u00e9es \u00e0 des tiers, sauf si la loi l&#8217;exige. Nous vous informons qu&#8217;il n&#8217;y a pas de transferts internationaux de donn\u00e9es \u00e0 caract\u00e8re personnel.<\/span> <span data-ccp-props=\"{&quot;335551550&quot;:6,&quot;335551620&quot;:6}\">\u00a0<\/span><\/p><p><b><span data-contrast=\"auto\">Droits<\/span><\/b> <span data-ccp-props=\"{&quot;335551550&quot;:6,&quot;335551620&quot;:6}\">\u00a0<\/span><\/p><p><span data-contrast=\"auto\">Apr\u00e8s nous avoir fourni vos donn\u00e9es \u00e0 caract\u00e8re personnel, nous vous informons des droits que vous pouvez exercer avant l&#8217;EMFFRSA, aux adresses qui vous sont mises \u00e0 votre disposition au point 1 du pr\u00e9sent document, qui vous assistent:<\/span> <span data-ccp-props=\"{&quot;335551550&quot;:6,&quot;335551620&quot;:6}\">\u00a0<\/span><\/p><ol><li><span data-contrast=\"auto\">a) Vous avez le droit d&#8217;acc\u00e9der \u00e0 toutes les donn\u00e9es \u00e0 caract\u00e8re personnel en possession de la SOCI\u00c9T\u00c9, ainsi que de demander sa modification ou sa suppression, si cela le juge n\u00e9cessaire.<\/span><\/li><li><span data-contrast=\"auto\">b) Vous pouvez demander que nous limitions le traitement de vos donn\u00e9es, auquel cas nous ne les conserverons que pour l&#8217;exercice ou la d\u00e9fense des sinistres.<\/span><\/li><li><span data-contrast=\"auto\">c) Vous pouvez vous opposer au traitement de vos donn\u00e9es \u00e0 caract\u00e8re personnel et les EMFFINGS cesseront de le faire, sauf pour des raisons l\u00e9gitimes imp\u00e9rieuses, ou pour l&#8217;exercice ou la d\u00e9fense d&#8217;\u00e9ventuelles demandes.<\/span><\/li><li><span data-contrast=\"auto\">d) Vous pouvez demander la portabilit\u00e9 de vos donn\u00e9es personnelles. Dans ce cas, nous les enverrons par courrier \u00e9lectronique \u00e0 l&#8217;adresse que vous nous fournissez dans votre demande, sous forme de texte, lisible et adaptable aux besoins de tout autre responsable du traitement, ou nous le transmettrons \u00e0 cette personne responsable et dans le m\u00eame format \u00e0 l&#8217;adresse \u00e9lectronique que vous nous indiquez dans votre demande.<\/span><\/li><li><span data-contrast=\"auto\">e) Vous pouvez exercer vos droits d&#8217;acc\u00e8s, de rectification, de suppression, de portabilit\u00e9, de limitation et d&#8217;opposition au traitement en r\u00e9pondant \u00e0 votre demande aupr\u00e8s de la SOCIouche.<\/span><\/li><li><span data-contrast=\"auto\">f) Vous avez le droit de vous assurer que vos donn\u00e9es ne sont pas utilis\u00e9es comme objet d&#8217;une d\u00e9cision fond\u00e9e uniquement sur un traitement automatis\u00e9, y compris le profilage.<\/span><\/li><li><span data-contrast=\"auto\">g) Vous pouvez retirer tout consentement que vous avez express\u00e9ment donn\u00e9, en l&#8217;indiquant dans votre demande. Les autres consentements que nous demandons actuellement sont l&#8217;envoi de communications commerciales.<\/span><\/li><\/ol><p><b><span data-contrast=\"auto\">Demandes d&#8217;<\/span><\/b> <span data-ccp-props=\"{&quot;335551550&quot;:6,&quot;335551620&quot;:6}\">\u00a0<\/span><\/p><p><span data-contrast=\"auto\">Si vous estimez que le traitement de vos donn\u00e9es \u00e0 caract\u00e8re personnel enfreint la r\u00e9glementation ou les dispositions du pr\u00e9sent document, vous<\/span> <span data-contrast=\"auto\">pouvez<\/span> <span data-contrast=\"auto\">d\u00e9poser une plainte aupr\u00e8s de l&#8217;Agence espagnole de protection des donn\u00e9es, qui est l&#8217;autorit\u00e9 de contr\u00f4le comp\u00e9tente pour la protection de vos donn\u00e9es \u00e0 caract\u00e8re personnel, par l&#8217;interm\u00e9diaire de son si\u00e8ge \u00e9lectronique<\/span> <a href=\"http:\/\/www.agpd.es\/\"><span data-contrast=\"auto\">www.agpd.es<\/span><\/a> <span data-contrast=\"auto\">ou de son adresse postale.<\/span> <span data-ccp-props=\"{&quot;335551550&quot;:6,&quot;335551620&quot;:6}\">\u00a0<\/span><\/p><p><b><span data-contrast=\"auto\">Limitation de la responsabilit\u00e9<\/span><\/b> <span data-ccp-props=\"{&quot;335551550&quot;:6,&quot;335551620&quot;:6}\">\u00a0<\/span><\/p><p><span data-contrast=\"auto\">La navigation sur le site Web peut provoquer, comme tout autre outil informatique, des d\u00e9faillances ou des probl\u00e8mes techniques susceptibles d&#8217;affecter l&#8217;\u00e9quipement informatique de l&#8217;utilisateur ou d&#8217;un tiers, dont l&#8217;initiative \u00abEMPRESA\u00bb n&#8217;est pas responsable.<\/span> <span data-ccp-props=\"{&quot;335551550&quot;:6,&quot;335551620&quot;:6}\">\u00a0<\/span><\/p><p><span data-contrast=\"auto\">Le FEAMP, ses partenaires, ses collaborateurs, employ\u00e9s ou repr\u00e9sentants, ne peuvent pas non plus \u00eatre tenus responsables des dommages ou des probl\u00e8mes qui peuvent \u00eatre caus\u00e9s par les sites web de tiers auxquels il est possible d&#8217;acc\u00e9der \u00e0 partir de ce site Web, par le biais de liens ou de son contenu.<\/span> <span data-ccp-props=\"{&quot;335551550&quot;:6,&quot;335551620&quot;:6}\">\u00a0<\/span><\/p><p><span data-ccp-props=\"{}\">\u00a0<\/span><\/p>\t\t\t\t\t\t\t\t<\/div>\n\t\t\t\t<\/div>\n\t\t\t\t\t<\/div>\n\t\t\t\t<\/div>\n\t\t\t\t<\/div>\n\t\t","protected":false},"excerpt":{"rendered":"<p>Afin de se conformer aux dispositions de la loi 34\/2002 du 11 juillet 2002 sur la soci\u00e9t\u00e9 de l&#8217;information et les services de commerce \u00e9lectronique (LSSICE), les donn\u00e9es g\u00e9n\u00e9rales d&#8217;information du site Web https:\/\/www.exojo.es (ci-apr\u00e8s d\u00e9nomm\u00e9 le site Web) sont pr\u00e9sent\u00e9es ci-dessous. \u00a0 ENTIT\u00c9 : EXOJO, S.L. (\u00e0 l&#8217;avant, la MEMPRESA) \u00a0 Nom commercial : [&hellip;]<\/p>\n","protected":false},"author":1,"featured_media":0,"parent":0,"menu_order":0,"comment_status":"closed","ping_status":"closed","template":"elementor_header_footer","meta":{"footnotes":""},"class_list":["post-15","page","type-page","status-publish","hentry"],"yoast_head":"<!-- This site is optimized with the Yoast SEO plugin v24.2 - https:\/\/yoast.com\/wordpress\/plugins\/seo\/ -->\n<title>Avis Juridique - Exojo FR<\/title>\n<meta name=\"robots\" content=\"noindex, nofollow\" \/>\n<meta property=\"og:locale\" content=\"es_ES\" \/>\n<meta property=\"og:type\" content=\"article\" \/>\n<meta property=\"og:title\" content=\"Avis Juridique - Exojo FR\" \/>\n<meta property=\"og:description\" content=\"Afin de se conformer aux dispositions de la loi 34\/2002 du 11 juillet 2002 sur la soci\u00e9t\u00e9 de l&#8217;information et les services de commerce \u00e9lectronique (LSSICE), les donn\u00e9es g\u00e9n\u00e9rales d&#8217;information du site Web https:\/\/www.exojo.es (ci-apr\u00e8s d\u00e9nomm\u00e9 le site Web) sont pr\u00e9sent\u00e9es ci-dessous. \u00a0 ENTIT\u00c9 : EXOJO, S.L. (\u00e0 l&#8217;avant, la MEMPRESA) \u00a0 Nom commercial : [&hellip;]\" \/>\n<meta property=\"og:url\" content=\"https:\/\/www.exojo.es\/fr\/aviso-legal\/\" \/>\n<meta property=\"og:site_name\" content=\"Exojo FR\" \/>\n<meta property=\"article:modified_time\" content=\"2025-01-16T11:26:56+00:00\" \/>\n<meta name=\"twitter:card\" content=\"summary_large_image\" \/>\n<meta name=\"twitter:label1\" content=\"Tiempo de lectura\" \/>\n\t<meta name=\"twitter:data1\" content=\"6 minutos\" \/>\n<script type=\"application\/ld+json\" class=\"yoast-schema-graph\">{\"@context\":\"https:\/\/schema.org\",\"@graph\":[{\"@type\":\"WebPage\",\"@id\":\"https:\/\/www.exojo.es\/fr\/aviso-legal\/\",\"url\":\"https:\/\/www.exojo.es\/fr\/aviso-legal\/\",\"name\":\"Avis Juridique - Exojo FR\",\"isPartOf\":{\"@id\":\"https:\/\/www.exojo.es\/fr\/#website\"},\"datePublished\":\"2024-11-18T12:25:30+00:00\",\"dateModified\":\"2025-01-16T11:26:56+00:00\",\"breadcrumb\":{\"@id\":\"https:\/\/www.exojo.es\/fr\/aviso-legal\/#breadcrumb\"},\"inLanguage\":\"es\",\"potentialAction\":[{\"@type\":\"ReadAction\",\"target\":[\"https:\/\/www.exojo.es\/fr\/aviso-legal\/\"]}]},{\"@type\":\"BreadcrumbList\",\"@id\":\"https:\/\/www.exojo.es\/fr\/aviso-legal\/#breadcrumb\",\"itemListElement\":[{\"@type\":\"ListItem\",\"position\":1,\"name\":\"Portada\",\"item\":\"https:\/\/www.exojo.es\/fr\/\"},{\"@type\":\"ListItem\",\"position\":2,\"name\":\"Avis Juridique\"}]},{\"@type\":\"WebSite\",\"@id\":\"https:\/\/www.exojo.es\/fr\/#website\",\"url\":\"https:\/\/www.exojo.es\/fr\/\",\"name\":\"Exojo FR\",\"description\":\"Fabrication de conduits et d&#039;accessoires pour la ventilation et l&#039;\u00e9vacuation des fum\u00e9es et des gaz. Tubes \u00e0 simple paroi, en s\u00e9ries galvanis\u00e9es, vitrifi\u00e9es et en acier inoxydable.\",\"potentialAction\":[{\"@type\":\"SearchAction\",\"target\":{\"@type\":\"EntryPoint\",\"urlTemplate\":\"https:\/\/www.exojo.es\/fr\/?s={search_term_string}\"},\"query-input\":{\"@type\":\"PropertyValueSpecification\",\"valueRequired\":true,\"valueName\":\"search_term_string\"}}],\"inLanguage\":\"es\"}]}<\/script>\n<!-- \/ Yoast SEO plugin. -->","yoast_head_json":{"title":"Avis Juridique - Exojo FR","robots":{"index":"noindex","follow":"nofollow"},"og_locale":"es_ES","og_type":"article","og_title":"Avis Juridique - Exojo FR","og_description":"Afin de se conformer aux dispositions de la loi 34\/2002 du 11 juillet 2002 sur la soci\u00e9t\u00e9 de l&#8217;information et les services de commerce \u00e9lectronique (LSSICE), les donn\u00e9es g\u00e9n\u00e9rales d&#8217;information du site Web https:\/\/www.exojo.es (ci-apr\u00e8s d\u00e9nomm\u00e9 le site Web) sont pr\u00e9sent\u00e9es ci-dessous. \u00a0 ENTIT\u00c9 : EXOJO, S.L. (\u00e0 l&#8217;avant, la MEMPRESA) \u00a0 Nom commercial : [&hellip;]","og_url":"https:\/\/www.exojo.es\/fr\/aviso-legal\/","og_site_name":"Exojo FR","article_modified_time":"2025-01-16T11:26:56+00:00","twitter_card":"summary_large_image","twitter_misc":{"Tiempo de lectura":"6 minutos"},"schema":{"@context":"https:\/\/schema.org","@graph":[{"@type":"WebPage","@id":"https:\/\/www.exojo.es\/fr\/aviso-legal\/","url":"https:\/\/www.exojo.es\/fr\/aviso-legal\/","name":"Avis Juridique - Exojo FR","isPartOf":{"@id":"https:\/\/www.exojo.es\/fr\/#website"},"datePublished":"2024-11-18T12:25:30+00:00","dateModified":"2025-01-16T11:26:56+00:00","breadcrumb":{"@id":"https:\/\/www.exojo.es\/fr\/aviso-legal\/#breadcrumb"},"inLanguage":"es","potentialAction":[{"@type":"ReadAction","target":["https:\/\/www.exojo.es\/fr\/aviso-legal\/"]}]},{"@type":"BreadcrumbList","@id":"https:\/\/www.exojo.es\/fr\/aviso-legal\/#breadcrumb","itemListElement":[{"@type":"ListItem","position":1,"name":"Portada","item":"https:\/\/www.exojo.es\/fr\/"},{"@type":"ListItem","position":2,"name":"Avis Juridique"}]},{"@type":"WebSite","@id":"https:\/\/www.exojo.es\/fr\/#website","url":"https:\/\/www.exojo.es\/fr\/","name":"Exojo FR","description":"Fabrication de conduits et d&#039;accessoires pour la ventilation et l&#039;\u00e9vacuation des fum\u00e9es et des gaz. Tubes \u00e0 simple paroi, en s\u00e9ries galvanis\u00e9es, vitrifi\u00e9es et en acier inoxydable.","potentialAction":[{"@type":"SearchAction","target":{"@type":"EntryPoint","urlTemplate":"https:\/\/www.exojo.es\/fr\/?s={search_term_string}"},"query-input":{"@type":"PropertyValueSpecification","valueRequired":true,"valueName":"search_term_string"}}],"inLanguage":"es"}]}},"_links":{"self":[{"href":"https:\/\/www.exojo.es\/fr\/wp-json\/wp\/v2\/pages\/15","targetHints":{"allow":["GET"]}}],"collection":[{"href":"https:\/\/www.exojo.es\/fr\/wp-json\/wp\/v2\/pages"}],"about":[{"href":"https:\/\/www.exojo.es\/fr\/wp-json\/wp\/v2\/types\/page"}],"author":[{"embeddable":true,"href":"https:\/\/www.exojo.es\/fr\/wp-json\/wp\/v2\/users\/1"}],"replies":[{"embeddable":true,"href":"https:\/\/www.exojo.es\/fr\/wp-json\/wp\/v2\/comments?post=15"}],"version-history":[{"count":15,"href":"https:\/\/www.exojo.es\/fr\/wp-json\/wp\/v2\/pages\/15\/revisions"}],"predecessor-version":[{"id":262,"href":"https:\/\/www.exojo.es\/fr\/wp-json\/wp\/v2\/pages\/15\/revisions\/262"}],"wp:attachment":[{"href":"https:\/\/www.exojo.es\/fr\/wp-json\/wp\/v2\/media?parent=15"}],"curies":[{"name":"wp","href":"https:\/\/api.w.org\/{rel}","templated":true}]}}